{"id":831,"date":"2022-06-01T14:56:55","date_gmt":"2022-06-01T18:56:55","guid":{"rendered":"https:\/\/rockburn.ca\/politique-de-confidentialite\/"},"modified":"2022-11-03T10:50:52","modified_gmt":"2022-11-03T14:50:52","slug":"privacy-policy","status":"publish","type":"page","link":"https:\/\/rockburn.ca\/en\/privacy-policy\/","title":{"rendered":"Privacy Policy"},"content":{"rendered":"[vc_row type=&#8221;in_container&#8221; full_screen_row_position=&#8221;middle&#8221; column_margin=&#8221;default&#8221; column_direction=&#8221;default&#8221; column_direction_tablet=&#8221;default&#8221; column_direction_phone=&#8221;default&#8221; scene_position=&#8221;center&#8221; text_color=&#8221;dark&#8221; text_align=&#8221;left&#8221; row_border_radius=&#8221;none&#8221; row_border_radius_applies=&#8221;bg&#8221; overflow=&#8221;visible&#8221; overlay_strength=&#8221;0.3&#8243; gradient_direction=&#8221;left_to_right&#8221; shape_divider_position=&#8221;bottom&#8221; bg_image_animation=&#8221;none&#8221;][vc_column column_padding=&#8221;no-extra-padding&#8221; column_padding_tablet=&#8221;inherit&#8221; column_padding_phone=&#8221;inherit&#8221; column_padding_position=&#8221;all&#8221; column_element_spacing=&#8221;default&#8221; background_color_opacity=&#8221;1&#8243; background_hover_color_opacity=&#8221;1&#8243; column_shadow=&#8221;none&#8221; column_border_radius=&#8221;none&#8221; column_link_target=&#8221;_self&#8221; column_position=&#8221;default&#8221; gradient_direction=&#8221;left_to_right&#8221; overlay_strength=&#8221;0.3&#8243; width=&#8221;1\/1&#8243; tablet_width_inherit=&#8221;default&#8221; tablet_text_alignment=&#8221;default&#8221; phone_text_alignment=&#8221;default&#8221; animation_type=&#8221;default&#8221; bg_image_animation=&#8221;none&#8221; border_type=&#8221;simple&#8221; column_border_width=&#8221;none&#8221; column_border_style=&#8221;solid&#8221;][divider line_type=&#8221;No Line&#8221; custom_height=&#8221;100&#8243;][vc_column_text]\n<h1>Privacy Policy<\/h1>\n[\/vc_column_text][divider line_type=&#8221;No Line&#8221; custom_height=&#8221;70&#8243;][vc_column_text]\n<p>Merci de prendre connaissance de l\u2019information suivante lors de votre utilisation du site. Ce site est la propri\u00e9t\u00e9 exclusive et est exploit\u00e9 par les Vergers Frier &amp; Cidrerie Rockburn. En utilisant ce site, vous signifiez votre accord sur la Politique de confidentialit\u00e9 et des conditions d\u2019utilisation des Vergers Frier &amp; Cidrerie Rockburn. Si vous n\u2019\u00eates pas d\u2019accord avec ces termes, veuillez ne pas utiliser ce site. Les Vergers Frier &amp; Cidrerie Rockburn se r\u00e9serve le droit de changer, modifier, ajouter ou r\u00e9duire ces conditions \u00e0 n\u2019importe quel moment.<\/p>\n<p>Merci de tenir compte des changements le plus r\u00e9guli\u00e8rement possible. Votre utilisation continue de ce site alors que de nouvelles informations sont affich\u00e9es r\u00e9guli\u00e8rement signifie que vous acceptez les termes r\u00e9vis\u00e9s.<\/p>\n<h3>Politique de confidentialit\u00e9 et conditions d\u2019utilisation<\/h3>\n<p>La confidentialit\u00e9 sur Internet est importante pour les Vergers Frier &amp; Cidrerie Rockburn. Par l\u2019utilisation de ce site, nous r\u00e9unissons certains types d\u2019information \u00e0 propos des utilisateurs. Nous voulons que vous connaissiez le type d\u2019information que nous recueillons et ce que nous faisons avec les informations recueillies.<\/p>\n<p>Nous recueillons deux types d\u2019information sur les utilisateurs : les\u00a0<strong>donn\u00e9es personnelles<\/strong>\u00a0(comme leur nom et leur adresse courriel); des\u00a0<strong>donn\u00e9es globales<\/strong>\u00a0(comme des informations sur l\u2019utilisation du site : par exemple combien d\u2019utilisateurs se connectent au site tous les jours).<\/p>\n<p>Les\u00a0<strong>donn\u00e9es personnelles<\/strong>\u00a0sont recueillies quand les utilisateurs soumettent des informations, par exemple en s\u2019enregistrant pour recevoir des infolettres, en cr\u00e9ant un nom d\u2019utilisateur et un mot de passe ou d\u2019autres services li\u00e9s \u00e0 l\u2019adh\u00e9sion, en r\u00e9pondant \u00e0 des sondages, en achetant des articles en ligne et\/ou en s\u2019enregistrant pour des concours ou toutes autres offres, opportunit\u00e9s promotionnelles que nous offrons. Quand nous vous demandons de l\u2019information sur ce site, g\u00e9n\u00e9ralement, nous avons besoin que vous nous fournissiez votre nom, votre adresse courriel, votre adresse postale, votre num\u00e9ro de t\u00e9l\u00e9phone (travail et maison), ainsi que vos informations de carte de cr\u00e9dit (seulement lorsque vous commandez des produits). De plus, si vous envoyez des correspondances, comme des courriels ou des lettres, nous pourrions recueillir ce genre d\u2019information dans un dossier qui vous sera sp\u00e9cifique.<\/p>\n<h3>Informations globales et utilisation de l\u2019information<\/h3>\n<p>Les informations g\u00e9n\u00e9rales, comme les pages auxquelles un utilisateur peut acc\u00e9der, les informations fournies par les utilisateurs, comme les informations de recherche ou les informations concernant l\u2019enregistrement sur le site, sont recueillis de diff\u00e9rentes fa\u00e7ons. \u00c0 partir du moment o\u00f9 vous utilisez notre site, nous suivons aussi automatiquement certaines informations sur vous. Ces informations incluent aussi le lien URL d\u2019o\u00f9 vous venez, vers quel lien vous vous dirigez ensuite, quel navigateur vous utilisez, de m\u00eame que votre adresse IP. Une adresse IP est un nombre qui est automatiquement assign\u00e9 \u00e0 votre ordinateur \u00e0 chaque fois que vous naviguez sur Internet. Les serveurs web, les ordinateurs qui h\u00e9bergent des pages Internet, identifient automatiquement votre ordinateur par son adresse IP et, lorsque vous demandez une page Internet des Vergers Frier &amp; Cidrerie Rockburn, nos serveurs se connectent \u00e0 votre adresse IP. Nous ne relions pas les adresses IP \u00e0 quelconque information personnelle que ce soit, de sorte que vous demeurez anonyme pendant votre session.<\/p>\n<h3>Utilisation de cookies<\/h3>\n<p>Ce site utilise des<em>\u00a0cookies<\/em>\u00a0pour recueillir de l\u2019information. Un\u00a0<em>cookie<\/em>\u00a0est un petit fichier d\u2019information que la plupart des grands sites inscrivent dans votre disque dur afin de conserver des enregistrements. Les cookies nous autorisent \u00e0 mesurer notre activit\u00e9 sur diff\u00e9rents domaines du site et d\u2019am\u00e9liorer votre exp\u00e9rience utilisateur en r\u00e9cup\u00e9rant, par exemple, un mot de passe oubli\u00e9, vos pages favorites, tout en vous permettant de visiter diff\u00e9rentes pages du site sans pr\u00e9enregistrement. Les\u00a0<em>cookies<\/em>\u00a0nous permettent aussi de mesurer l\u2019activit\u00e9 du site et nous permettent d\u2019am\u00e9liorer certaines parties du site en fonction de leur fr\u00e9quentation. Nous n\u2019utilisons pas les\u00a0<em>cookies<\/em>\u00a0pour r\u00e9cup\u00e9rer de l\u2019information de votre ordinateur qui n\u2019a pas re\u00e7u de cookie \u00e0 l\u2019origine.<\/p>\n<p>\u00c0 noter : nous ne transmettons pas d\u2019informations transmises par les cookies \u00e0 de tierce partie. Nous ne contr\u00f4lons pas ces cookies et ces cookies ne sont pas contr\u00f4l\u00e9s par des politiques priv\u00e9es. La plupart des navigateurs sont initialement programm\u00e9s pour accepter les cookies. Si vous pr\u00e9f\u00e9rez, vous pouvez programmer le v\u00f4tre pour refuser les cookies ou pour vous alerter quand des cookies vous sont envoy\u00e9s. Cependant, il est possible que certaines parties du site fonctionnent mal si vous emp\u00eachez les\u00a0<em>cookies<\/em>.<\/p>\n<h3>Utilisation des informations recueillies par les Vergers Frier &amp; Cidrerie Rockburn<\/h3>\n<p>Nous utilisons les informations personnelles et g\u00e9n\u00e9rales, ainsi que les informations d\u2019utilisation. Nous les recueillons pour diff\u00e9rentes raisons. Par exemple, nous les recueillons pour remplir des commandes, g\u00e9rer des demandes d\u2019information et procurer des services li\u00e9s \u00e0 l\u2019information, suivre et v\u00e9rifier l\u2019accordance avec nos politiques de m\u00eame que nos lois r\u00e9gionales ou nationales. Nous pourrions utiliser votre adresse courriel et, dans de rares cas, votre adresse postale ou num\u00e9ro de t\u00e9l\u00e9phone pour vous contacter \u00e0 propos de probl\u00e8mes li\u00e9s \u00e0 la satisfaction client ou \u00e0 des probl\u00e8mes de facturation ou commande. Les informations personnelles ou collectives sont aussi utilis\u00e9es pour: am\u00e9liorer le contenu en ligne, am\u00e9liorer les activit\u00e9s du syst\u00e8me administratif, personnaliser le contenu ou la pr\u00e9sentation en ligne pour chaque utilisateur en particulier et notifier les utilisateurs \u00e0 propos de mises \u00e0 jour du site ou d\u2019offres promotionnelles ou d\u2019opportunit\u00e9s que nous croyons \u00eatre d\u2019int\u00e9r\u00eat pour vous. Nous essaierons toujours de vous procurer une autre solution et de d\u00e9cliner cette possibilit\u00e9 lorsque de telles informations vous sont demand\u00e9es lorsque vous \u00eates connect\u00e9s. Si vous d\u00e9cidez ensuite que vous pr\u00e9f\u00e9rez ne pas recevoir cette information, ou que vous pr\u00e9f\u00e9rez vous d\u00e9sengager de toute demande d\u2019information ou de distribution, vous pouvez aussi mettre \u00e0 jour les informations de votre compte sur la portion applicable de ce site, ou simplement r\u00e9pondre \u00e0 n\u2019importe quel courriel qui vous est envoy\u00e9 par une r\u00e9ponse du type \u00ab\u00a0SE D\u00c9SINSCRIRE\u00a0\u00bb comme objet de votre r\u00e9ponse courriel. Nous pouvons aussi utiliser des informations et activit\u00e9s vous concernant pour r\u00e9soudre des probl\u00e8mes et faire respecter nos conditions d\u2019utilisation.<\/p>\n<h3>R\u00e9v\u00e9lation d\u2019informations recueillies \u00e0 des tiers<\/h3>\n<p>Nous ne vendons, ne commercialisons, ne louons ni ne fournissons des informations personnelles vous concernant \u00e0 des tiers. Toutefois, nous coop\u00e9rons avec les demandes re\u00e7ues de repr\u00e9sentants de corps policiers dans le cadre de l\u2019application de la loi.<\/p>\n<h3>Lien \u00e0 d\u2019autres sites<\/h3>\n<p>Il est important de noter que ce site peut contenir des liens vers d\u2019autres sites et que ces sites en question peuvent suivre des politiques de confidentialit\u00e9 diff\u00e9rentes des n\u00f4tres. Nous parlons ici de liens vers des partenaires commerciaux qui pourraient utiliser notre nom et\/ou notre logo comme r\u00e9sultat d\u2019un partenariat de marques ou li\u00e9s \u00e0 un autre accord. Ces sites pourraient vous envoyer leurs propres\u00a0<em>cookies<\/em>\u00a0et r\u00e9cup\u00e9rer des informations et les utiliser; nous ne contr\u00f4lons toutefois pas ces sites et n\u2019assumons aucune responsabilit\u00e9 li\u00e9e \u00e0 leurs actions.<\/p>\n<h3>S\u00e9curit\u00e9<\/h3>\n<p>La s\u00e9curit\u00e9 des informations personnelles qui nous sont envoy\u00e9es nous importe. C\u2019est pourquoi nous mettons en place diff\u00e9rentes mesures de confidentialit\u00e9 pour maintenir la s\u00e9curit\u00e9 de vos informations personnelles. Une fois que nous recevons vos transmissions, nous mettons en place des mesures pour assurer la s\u00e9curit\u00e9 sur nos syst\u00e8mes. Lorsque les informations de votre carte de cr\u00e9dit nous sont transmises, nous utilisons la technologie de cryptage SSL (Secure Socket Layer). Toute information de compte que vous entrez sur ce site Internet est prot\u00e9g\u00e9e par un mot de passe de mani\u00e8re que vous soyez le seul \u00e0 y avoir acc\u00e8s. Vous ne devez divulguer votre mot de passe ou votre num\u00e9ro d\u2019identification \u00e0 personne. Malheureusement, aucune transmission de donn\u00e9es par Internet ne peut \u00eatre garantie comme s\u00fbre \u00e0 100%. Par cons\u00e9quent, et m\u00eame si les Vergers Frier &amp; Cidrerie Rockburn s\u2019efforce de prot\u00e9ger vos donn\u00e9es personnelles au maximum, nous ne pouvons assurer la garantie d\u2019une transmission s\u00fbre \u00e0 100% d\u2019informations. Vous reconnaissez donc en proc\u00e9dant \u00e0 toute transmission d\u2019informations que vous le faites \u00e0 vos propres risques.<\/p>\n<h3>Termes d\u2019utilisation<\/h3>\n<p>Possession; Restrictions de l\u2019utilisation des mat\u00e9riaux. Le contenu entier inclus dans ce site, inclus mais non limit\u00e9 au texte, graphiques ou codes, est poss\u00e9d\u00e9 ou licenci\u00e9 par nous-m\u00eames. Les Vergers Frier &amp; Cidrerie Rockburn se r\u00e9serve le droit de faire des changements au contenu du site \u00e0 tout moment et sans pr\u00e9avis, incluant les donn\u00e9es concernant nos produits, accessoires, sp\u00e9cifications, mod\u00e8les, couleurs et mati\u00e8res. Vous pouvez t\u00e9l\u00e9charger, voir ou imprimer du texte ou des tableaux du site, pourvu qu\u2019un tel contenu soit seulement utilis\u00e9 \u00e0 titre d\u2019information, \u00e0 des fins non-commerciales, et ne soit ni modifi\u00e9 ni alt\u00e9r\u00e9 d\u2019aucune mani\u00e8re que ce soit. Vous ne pouvez pas utiliser, t\u00e9l\u00e9charger, copier, imprimer, afficher, reproduire, publier, licencier, poster, transmettre ou distribuer quelque information ou contenu de ce site, en tout ou partie, sans avoir obtenu d\u2019abord notre consentement. Les Vergers Frier &amp; Cidrerie Rockburn est une marque officielle. D\u2019autres marques, marques d\u00e9pos\u00e9es, slogans, logos et noms commerciaux identifi\u00e9s sur ce site sont des marques de fabrique de licenci\u00e9s ou d\u2019autres fournisseurs. Aucune de ces marques, noms ou logos, ne devraient \u00eatre utilis\u00e9s sans le consentement \u00e9crit du propri\u00e9taire.<\/p>\n<h3>Renonciation<\/h3>\n<p>Le contenu dans ce site est fourni \u00ab tel quel \u00bb sans garantie expresse ou implicite. Dans la plus large partie possible de la loi, nous n\u2019assumons aucune garantie, expresse ou implicite, incluant mais non limit\u00e9 aux garanties implicites de valeur commerciale ou de forme physique \u00e0 des fins sp\u00e9cifiques ou pour toute transmission. Nous ne pouvons garantir que le fonctionnement du pr\u00e9sent site sera ininterrompu ou sans erreurs, que les d\u00e9fauts seront corrig\u00e9s, que le pr\u00e9sent site ou le serveur qui le rend disponible en ligne sont exempts de virus ou autres composantes dommageables. Nous ne garantissons ni ne faisons de repr\u00e9sentation au sujet de l\u2019utilisation ou des r\u00e9sultantes de ladite utilisation des ressources du pr\u00e9sent site en termes de leur justesse, pr\u00e9cision, fiabilit\u00e9 ou autres. Les lois applicables peuvent ne pas permettre l\u2019exclusion de garanties implicites, par cons\u00e9quent l\u2019exclusion ci-dessus peut ne pas s\u2019appliquer \u00e0 notre situation.<\/p>\n[\/vc_column_text][divider line_type=&#8221;No Line&#8221; custom_height=&#8221;100&#8243;][\/vc_column][\/vc_row]\n","protected":false},"excerpt":{"rendered":"<p>[vc_row type=&#8221;in_container&#8221; full_screen_row_position=&#8221;middle&#8221; column_margin=&#8221;default&#8221; column_direction=&#8221;default&#8221; column_direction_tablet=&#8221;default&#8221; column_direction_phone=&#8221;default&#8221; scene_position=&#8221;center&#8221; text_color=&#8221;dark&#8221; text_align=&#8221;left&#8221; row_border_radius=&#8221;none&#8221; row_border_radius_applies=&#8221;bg&#8221; overflow=&#8221;visible&#8221; overlay_strength=&#8221;0.3&#8243; gradient_direction=&#8221;left_to_right&#8221; shape_divider_position=&#8221;bottom&#8221; bg_image_animation=&#8221;none&#8221;][vc_column column_padding=&#8221;no-extra-padding&#8221; column_padding_tablet=&#8221;inherit&#8221; column_padding_phone=&#8221;inherit&#8221; column_padding_position=&#8221;all&#8221; column_element_spacing=&#8221;default&#8221; background_color_opacity=&#8221;1&#8243; background_hover_color_opacity=&#8221;1&#8243; column_shadow=&#8221;none&#8221; column_border_radius=&#8221;none&#8221; column_link_target=&#8221;_self&#8221; column_position=&#8221;default&#8221; gradient_direction=&#8221;left_to_right&#8221; overlay_strength=&#8221;0.3&#8243;&#8230;<\/p>\n","protected":false},"author":1,"featured_media":0,"parent":0,"menu_order":0,"comment_status":"closed","ping_status":"open","template":"","meta":[],"acf":[],"yoast_head":"<!-- This site is optimized with the Yoast SEO plugin v19.6.1 - https:\/\/yoast.com\/wordpress\/plugins\/seo\/ -->\n<title>Privacy Policy - Vergers Frier &amp; Cidrerie Rockburn<\/title>\n<meta name=\"robots\" content=\"index, follow, max-snippet:-1, max-image-preview:large, max-video-preview:-1\" \/>\n<link rel=\"canonical\" href=\"https:\/\/rockburn.ca\/en\/privacy-policy\/\" \/>\n<meta property=\"og:locale\" content=\"en_US\" \/>\n<meta property=\"og:type\" content=\"article\" \/>\n<meta property=\"og:title\" content=\"Privacy Policy - Vergers Frier &amp; Cidrerie Rockburn\" \/>\n<meta property=\"og:description\" content=\"[vc_row type=&#8221;in_container&#8221; full_screen_row_position=&#8221;middle&#8221; column_margin=&#8221;default&#8221; column_direction=&#8221;default&#8221; column_direction_tablet=&#8221;default&#8221; column_direction_phone=&#8221;default&#8221; scene_position=&#8221;center&#8221; text_color=&#8221;dark&#8221; text_align=&#8221;left&#8221; row_border_radius=&#8221;none&#8221; row_border_radius_applies=&#8221;bg&#8221; overflow=&#8221;visible&#8221; overlay_strength=&#8221;0.3&#8243; gradient_direction=&#8221;left_to_right&#8221; shape_divider_position=&#8221;bottom&#8221; bg_image_animation=&#8221;none&#8221;][vc_column column_padding=&#8221;no-extra-padding&#8221; column_padding_tablet=&#8221;inherit&#8221; column_padding_phone=&#8221;inherit&#8221; column_padding_position=&#8221;all&#8221; column_element_spacing=&#8221;default&#8221; background_color_opacity=&#8221;1&#8243; background_hover_color_opacity=&#8221;1&#8243; column_shadow=&#8221;none&#8221; column_border_radius=&#8221;none&#8221; column_link_target=&#8221;_self&#8221; column_position=&#8221;default&#8221; gradient_direction=&#8221;left_to_right&#8221; overlay_strength=&#8221;0.3&#8243;...\" \/>\n<meta property=\"og:url\" content=\"https:\/\/rockburn.ca\/en\/privacy-policy\/\" \/>\n<meta property=\"og:site_name\" content=\"Vergers Frier &amp; Cidrerie Rockburn\" \/>\n<meta property=\"article:modified_time\" content=\"2022-11-03T14:50:52+00:00\" \/>\n<meta name=\"twitter:card\" content=\"summary_large_image\" \/>\n<meta name=\"twitter:label1\" content=\"Est. reading time\" \/>\n\t<meta name=\"twitter:data1\" content=\"9 minutes\" \/>\n<script type=\"application\/ld+json\" class=\"yoast-schema-graph\">{\"@context\":\"https:\/\/schema.org\",\"@graph\":[{\"@type\":\"WebPage\",\"@id\":\"https:\/\/rockburn.ca\/en\/privacy-policy\/\",\"url\":\"https:\/\/rockburn.ca\/en\/privacy-policy\/\",\"name\":\"Privacy Policy - Vergers Frier &amp; Cidrerie Rockburn\",\"isPartOf\":{\"@id\":\"https:\/\/rockburn.ca\/#website\"},\"datePublished\":\"2022-06-01T18:56:55+00:00\",\"dateModified\":\"2022-11-03T14:50:52+00:00\",\"breadcrumb\":{\"@id\":\"https:\/\/rockburn.ca\/en\/privacy-policy\/#breadcrumb\"},\"inLanguage\":\"en-US\",\"potentialAction\":[{\"@type\":\"ReadAction\",\"target\":[\"https:\/\/rockburn.ca\/en\/privacy-policy\/\"]}]},{\"@type\":\"BreadcrumbList\",\"@id\":\"https:\/\/rockburn.ca\/en\/privacy-policy\/#breadcrumb\",\"itemListElement\":[{\"@type\":\"ListItem\",\"position\":1,\"name\":\"Home\",\"item\":\"https:\/\/rockburn.ca\/en\/\"},{\"@type\":\"ListItem\",\"position\":2,\"name\":\"Privacy Policy\"}]},{\"@type\":\"WebSite\",\"@id\":\"https:\/\/rockburn.ca\/#website\",\"url\":\"https:\/\/rockburn.ca\/\",\"name\":\"Vergers Frier &amp; Cidrerie Rockburn\",\"description\":\"\",\"potentialAction\":[{\"@type\":\"SearchAction\",\"target\":{\"@type\":\"EntryPoint\",\"urlTemplate\":\"https:\/\/rockburn.ca\/?s={search_term_string}\"},\"query-input\":\"required name=search_term_string\"}],\"inLanguage\":\"en-US\"}]}<\/script>\n<!-- \/ Yoast SEO plugin. -->","yoast_head_json":{"title":"Privacy Policy - Vergers Frier &amp; Cidrerie Rockburn","robots":{"index":"index","follow":"follow","max-snippet":"max-snippet:-1","max-image-preview":"max-image-preview:large","max-video-preview":"max-video-preview:-1"},"canonical":"https:\/\/rockburn.ca\/en\/privacy-policy\/","og_locale":"en_US","og_type":"article","og_title":"Privacy Policy - Vergers Frier &amp; Cidrerie Rockburn","og_description":"[vc_row type=&#8221;in_container&#8221; full_screen_row_position=&#8221;middle&#8221; column_margin=&#8221;default&#8221; column_direction=&#8221;default&#8221; column_direction_tablet=&#8221;default&#8221; column_direction_phone=&#8221;default&#8221; scene_position=&#8221;center&#8221; text_color=&#8221;dark&#8221; text_align=&#8221;left&#8221; row_border_radius=&#8221;none&#8221; row_border_radius_applies=&#8221;bg&#8221; overflow=&#8221;visible&#8221; overlay_strength=&#8221;0.3&#8243; gradient_direction=&#8221;left_to_right&#8221; shape_divider_position=&#8221;bottom&#8221; bg_image_animation=&#8221;none&#8221;][vc_column column_padding=&#8221;no-extra-padding&#8221; column_padding_tablet=&#8221;inherit&#8221; column_padding_phone=&#8221;inherit&#8221; column_padding_position=&#8221;all&#8221; column_element_spacing=&#8221;default&#8221; background_color_opacity=&#8221;1&#8243; background_hover_color_opacity=&#8221;1&#8243; column_shadow=&#8221;none&#8221; column_border_radius=&#8221;none&#8221; column_link_target=&#8221;_self&#8221; column_position=&#8221;default&#8221; gradient_direction=&#8221;left_to_right&#8221; overlay_strength=&#8221;0.3&#8243;...","og_url":"https:\/\/rockburn.ca\/en\/privacy-policy\/","og_site_name":"Vergers Frier &amp; Cidrerie Rockburn","article_modified_time":"2022-11-03T14:50:52+00:00","twitter_card":"summary_large_image","twitter_misc":{"Est. reading time":"9 minutes"},"schema":{"@context":"https:\/\/schema.org","@graph":[{"@type":"WebPage","@id":"https:\/\/rockburn.ca\/en\/privacy-policy\/","url":"https:\/\/rockburn.ca\/en\/privacy-policy\/","name":"Privacy Policy - Vergers Frier &amp; Cidrerie Rockburn","isPartOf":{"@id":"https:\/\/rockburn.ca\/#website"},"datePublished":"2022-06-01T18:56:55+00:00","dateModified":"2022-11-03T14:50:52+00:00","breadcrumb":{"@id":"https:\/\/rockburn.ca\/en\/privacy-policy\/#breadcrumb"},"inLanguage":"en-US","potentialAction":[{"@type":"ReadAction","target":["https:\/\/rockburn.ca\/en\/privacy-policy\/"]}]},{"@type":"BreadcrumbList","@id":"https:\/\/rockburn.ca\/en\/privacy-policy\/#breadcrumb","itemListElement":[{"@type":"ListItem","position":1,"name":"Home","item":"https:\/\/rockburn.ca\/en\/"},{"@type":"ListItem","position":2,"name":"Privacy Policy"}]},{"@type":"WebSite","@id":"https:\/\/rockburn.ca\/#website","url":"https:\/\/rockburn.ca\/","name":"Vergers Frier &amp; Cidrerie Rockburn","description":"","potentialAction":[{"@type":"SearchAction","target":{"@type":"EntryPoint","urlTemplate":"https:\/\/rockburn.ca\/?s={search_term_string}"},"query-input":"required name=search_term_string"}],"inLanguage":"en-US"}]}},"_links":{"self":[{"href":"https:\/\/rockburn.ca\/en\/wp-json\/wp\/v2\/pages\/831"}],"collection":[{"href":"https:\/\/rockburn.ca\/en\/wp-json\/wp\/v2\/pages"}],"about":[{"href":"https:\/\/rockburn.ca\/en\/wp-json\/wp\/v2\/types\/page"}],"author":[{"embeddable":true,"href":"https:\/\/rockburn.ca\/en\/wp-json\/wp\/v2\/users\/1"}],"replies":[{"embeddable":true,"href":"https:\/\/rockburn.ca\/en\/wp-json\/wp\/v2\/comments?post=831"}],"version-history":[{"count":1,"href":"https:\/\/rockburn.ca\/en\/wp-json\/wp\/v2\/pages\/831\/revisions"}],"predecessor-version":[{"id":873,"href":"https:\/\/rockburn.ca\/en\/wp-json\/wp\/v2\/pages\/831\/revisions\/873"}],"wp:attachment":[{"href":"https:\/\/rockburn.ca\/en\/wp-json\/wp\/v2\/media?parent=831"}],"curies":[{"name":"wp","href":"https:\/\/api.w.org\/{rel}","templated":true}]}}